{"id":50,"date":"2025-04-29T18:19:11","date_gmt":"2025-04-29T23:19:11","guid":{"rendered":"https:\/\/contentandfriends.com\/?page_id=50"},"modified":"2025-08-22T15:57:02","modified_gmt":"2025-08-22T20:57:02","slug":"contactanos","status":"publish","type":"page","link":"https:\/\/contentandfriends.com\/en\/contactanos\/","title":{"rendered":"Contact us"},"content":{"rendered":"\t\t<div data-elementor-type=\"wp-page\" data-elementor-id=\"50\" class=\"elementor elementor-50\" data-elementor-post-type=\"page\">\n\t\t\t\t<div class=\"elementor-element elementor-element-76809d9 e-flex e-con-boxed e-con e-parent\" data-id=\"76809d9\" data-element_type=\"container\" data-e-type=\"container\" data-settings=\"{&quot;background_background&quot;:&quot;classic&quot;}\">\n\t\t\t\t\t<div class=\"e-con-inner\">\n\t\t<div class=\"elementor-element elementor-element-ea1961c e-con-full e-flex e-con e-child\" data-id=\"ea1961c\" data-element_type=\"container\" data-e-type=\"container\">\n\t\t\t\t<div class=\"elementor-element elementor-element-528ec31 elementor-widget elementor-widget-heading\" data-id=\"528ec31\" data-element_type=\"widget\" data-e-type=\"widget\" data-widget_type=\"heading.default\">\n\t\t\t\t<div class=\"elementor-widget-container\">\n\t\t\t\t\t<h1 class=\"elementor-heading-title elementor-size-default\">cont\u00e1ctanos\nahora <\/h1>\t\t\t\t<\/div>\n\t\t\t\t<\/div>\n\t\t\t\t<div class=\"elementor-element elementor-element-b1cbf25 elementor-widget elementor-widget-text-editor\" data-id=\"b1cbf25\" data-element_type=\"widget\" data-e-type=\"widget\" data-widget_type=\"text-editor.default\">\n\t\t\t\t<div class=\"elementor-widget-container\">\n\t\t\t\t\t\t\t\t\t<p>Cu\u00e9ntanos en qu\u00e9 te podemos ayudar<\/p>\t\t\t\t\t\t\t\t<\/div>\n\t\t\t\t<\/div>\n\t\t\t\t<\/div>\n\t\t<div class=\"elementor-element elementor-element-d39effb e-con-full e-flex e-con e-child\" data-id=\"d39effb\" data-element_type=\"container\" data-e-type=\"container\" data-settings=\"{&quot;background_background&quot;:&quot;classic&quot;}\">\n\t\t\t\t<div class=\"elementor-element elementor-element-8a3d642 elementor-button-align-stretch elementor-widget elementor-widget-form\" data-id=\"8a3d642\" data-element_type=\"widget\" data-e-type=\"widget\" data-settings=\"{&quot;step_next_label&quot;:&quot;Enviado&quot;,&quot;step_previous_label&quot;:&quot;Previous&quot;,&quot;button_width&quot;:&quot;100&quot;,&quot;step_type&quot;:&quot;number_text&quot;,&quot;step_icon_shape&quot;:&quot;circle&quot;}\" data-widget_type=\"form.default\">\n\t\t\t\t<div class=\"elementor-widget-container\">\n\t\t\t\t\t\t\t<form class=\"elementor-form\" method=\"post\" name=\"New Form\" aria-label=\"New Form\">\n\t\t\t<input type=\"hidden\" name=\"post_id\" value=\"50\"\/>\n\t\t\t<input type=\"hidden\" name=\"form_id\" value=\"8a3d642\"\/>\n\t\t\t<input type=\"hidden\" name=\"referer_title\" value=\"Cont\u00e1ctanos - Content &amp; Friends\" \/>\n\n\t\t\t\t\t\t\t<input type=\"hidden\" name=\"queried_id\" value=\"50\"\/>\n\t\t\t\n\t\t\t<div class=\"elementor-form-fields-wrapper elementor-labels-above\">\n\t\t\t\t\t\t\t\t<div class=\"elementor-field-type-text elementor-field-group elementor-column elementor-field-group-name elementor-col-50\">\n\t\t\t\t\t\t\t\t\t\t\t\t<label for=\"form-field-name\" class=\"elementor-field-label\">\n\t\t\t\t\t\t\t\tNombres*\t\t\t\t\t\t\t<\/label>\n\t\t\t\t\t\t\t\t\t\t\t\t\t\t<input size=\"1\" type=\"text\" name=\"form_fields[name]\" id=\"form-field-name\" class=\"elementor-field elementor-size-sm  elementor-field-textual\" placeholder=\"Nombres completos\">\n\t\t\t\t\t\t\t\t\t\t\t<\/div>\n\t\t\t\t\t\t\t\t<div class=\"elementor-field-type-email elementor-field-group elementor-column elementor-field-group-email elementor-col-50 elementor-field-required\">\n\t\t\t\t\t\t\t\t\t\t\t\t<label for=\"form-field-email\" class=\"elementor-field-label\">\n\t\t\t\t\t\t\t\tEmail*\t\t\t\t\t\t\t<\/label>\n\t\t\t\t\t\t\t\t\t\t\t\t\t\t<input size=\"1\" type=\"email\" name=\"form_fields[email]\" id=\"form-field-email\" class=\"elementor-field elementor-size-sm  elementor-field-textual\" placeholder=\"Su correo electronico\" required=\"required\">\n\t\t\t\t\t\t\t\t\t\t\t<\/div>\n\t\t\t\t\t\t\t\t<div class=\"elementor-field-type-textarea elementor-field-group elementor-column elementor-field-group-message elementor-col-100\">\n\t\t\t\t\t\t\t\t\t\t\t\t<label for=\"form-field-message\" class=\"elementor-field-label\">\n\t\t\t\t\t\t\t\tMensaje*\t\t\t\t\t\t\t<\/label>\n\t\t\t\t\t\t<textarea class=\"elementor-field-textual elementor-field  elementor-size-sm\" name=\"form_fields[message]\" id=\"form-field-message\" rows=\"4\"><\/textarea>\t\t\t\t<\/div>\n\t\t\t\t\t\t\t\t<div class=\"elementor-field-type-recaptcha_v3 elementor-field-group elementor-column elementor-field-group-field_8dadd96 elementor-col-100 recaptcha_v3-bottomright\">\n\t\t\t\t\t<div class=\"elementor-field\" id=\"form-field-field_8dadd96\"><div class=\"elementor-g-recaptcha\" data-sitekey=\"6LfnGq8rAAAAAPB7W1KZpgNhXzeCZx5t_m4yClq0\" data-type=\"v3\" data-action=\"Form\" data-badge=\"bottomright\" data-size=\"invisible\"><\/div><\/div>\t\t\t\t<\/div>\n\t\t\t\t\t\t\t\t<div class=\"elementor-field-group elementor-column elementor-field-type-submit elementor-col-100 e-form__buttons\">\n\t\t\t\t\t<button class=\"elementor-button elementor-size-sm\" type=\"submit\">\n\t\t\t\t\t\t<span class=\"elementor-button-content-wrapper\">\n\t\t\t\t\t\t\t\t\t\t\t\t\t\t\t\t\t\t\t\t\t\t<span class=\"elementor-button-text\">Enviar mensaje<\/span>\n\t\t\t\t\t\t\t\t\t\t\t\t\t<\/span>\n\t\t\t\t\t<\/button>\n\t\t\t\t<\/div>\n\t\t\t<\/div>\n\t\t<\/form>\n\t\t\t\t\t\t<\/div>\n\t\t\t\t<\/div>\n\t\t\t\t<\/div>\n\t\t\t\t\t<\/div>\n\t\t\t\t<\/div>\n\t\t\t\t<\/div>\n\t\t","protected":false},"excerpt":{"rendered":"<p>cont\u00e1ctanos ahora Cu\u00e9ntanos en qu\u00e9 te podemos ayudar<\/p>","protected":false},"author":3,"featured_media":0,"parent":0,"menu_order":0,"comment_status":"closed","ping_status":"closed","template":"","meta":{"footnotes":""},"class_list":["post-50","page","type-page","status-publish","hentry"],"yoast_head":"<!-- This site is optimized with the Yoast SEO plugin v27.4 - https:\/\/yoast.com\/product\/yoast-seo-wordpress\/ -->\n<title>Cont\u00e1ctanos - Content &amp; Friends<\/title>\n<meta name=\"robots\" content=\"index, follow, max-snippet:-1, max-image-preview:large, max-video-preview:-1\" \/>\n<link rel=\"canonical\" href=\"https:\/\/contentandfriends.com\/en\/contactanos\/\" \/>\n<meta property=\"og:locale\" content=\"en_US\" \/>\n<meta property=\"og:type\" content=\"article\" \/>\n<meta property=\"og:title\" content=\"Cont\u00e1ctanos - Content &amp; Friends\" \/>\n<meta property=\"og:description\" content=\"cont\u00e1ctanos ahora Cu\u00e9ntanos en qu\u00e9 te podemos ayudar\" \/>\n<meta property=\"og:url\" content=\"https:\/\/contentandfriends.com\/en\/contactanos\/\" \/>\n<meta property=\"og:site_name\" content=\"Content &amp; Friends\" \/>\n<meta property=\"article:modified_time\" content=\"2025-08-22T20:57:02+00:00\" \/>\n<meta property=\"og:image\" content=\"https:\/\/contentandfriends.com\/wp-content\/uploads\/favicon_content_fiends.webp\" \/>\n\t<meta property=\"og:image:width\" content=\"113\" \/>\n\t<meta property=\"og:image:height\" content=\"113\" \/>\n\t<meta property=\"og:image:type\" content=\"image\/webp\" \/>\n<meta name=\"twitter:card\" content=\"summary_large_image\" \/>\n<script type=\"application\/ld+json\" class=\"yoast-schema-graph\">{\"@context\":\"https:\\\/\\\/schema.org\",\"@graph\":[{\"@type\":\"WebPage\",\"@id\":\"https:\\\/\\\/contentandfriends.com\\\/contactanos\\\/\",\"url\":\"https:\\\/\\\/contentandfriends.com\\\/contactanos\\\/\",\"name\":\"Cont\u00e1ctanos - Content &amp; Friends\",\"isPartOf\":{\"@id\":\"https:\\\/\\\/contentandfriends.com\\\/#website\"},\"datePublished\":\"2025-04-29T23:19:11+00:00\",\"dateModified\":\"2025-08-22T20:57:02+00:00\",\"breadcrumb\":{\"@id\":\"https:\\\/\\\/contentandfriends.com\\\/contactanos\\\/#breadcrumb\"},\"inLanguage\":\"en-US\",\"potentialAction\":[{\"@type\":\"ReadAction\",\"target\":[\"https:\\\/\\\/contentandfriends.com\\\/contactanos\\\/\"]}]},{\"@type\":\"BreadcrumbList\",\"@id\":\"https:\\\/\\\/contentandfriends.com\\\/contactanos\\\/#breadcrumb\",\"itemListElement\":[{\"@type\":\"ListItem\",\"position\":1,\"name\":\"Portada\",\"item\":\"https:\\\/\\\/contentandfriends.com\\\/\"},{\"@type\":\"ListItem\",\"position\":2,\"name\":\"Cont\u00e1ctanos\"}]},{\"@type\":\"WebSite\",\"@id\":\"https:\\\/\\\/contentandfriends.com\\\/#website\",\"url\":\"https:\\\/\\\/contentandfriends.com\\\/\",\"name\":\"Content & Friends\",\"description\":\"Te ayudamos a posicionar, fortalecer el brand awareness\u00a0\",\"publisher\":{\"@id\":\"https:\\\/\\\/contentandfriends.com\\\/#organization\"},\"potentialAction\":[{\"@type\":\"SearchAction\",\"target\":{\"@type\":\"EntryPoint\",\"urlTemplate\":\"https:\\\/\\\/contentandfriends.com\\\/?s={search_term_string}\"},\"query-input\":{\"@type\":\"PropertyValueSpecification\",\"valueRequired\":true,\"valueName\":\"search_term_string\"}}],\"inLanguage\":\"en-US\"},{\"@type\":\"Organization\",\"@id\":\"https:\\\/\\\/contentandfriends.com\\\/#organization\",\"name\":\"Content & Friends\",\"url\":\"https:\\\/\\\/contentandfriends.com\\\/\",\"logo\":{\"@type\":\"ImageObject\",\"inLanguage\":\"en-US\",\"@id\":\"https:\\\/\\\/contentandfriends.com\\\/#\\\/schema\\\/logo\\\/image\\\/\",\"url\":\"https:\\\/\\\/contentandfriends.com\\\/wp-content\\\/uploads\\\/logo_content_fiends.webp\",\"contentUrl\":\"https:\\\/\\\/contentandfriends.com\\\/wp-content\\\/uploads\\\/logo_content_fiends.webp\",\"width\":647,\"height\":66,\"caption\":\"Content & Friends\"},\"image\":{\"@id\":\"https:\\\/\\\/contentandfriends.com\\\/#\\\/schema\\\/logo\\\/image\\\/\"},\"sameAs\":[\"https:\\\/\\\/www.instagram.com\\\/content.friends\\\/\",\"https:\\\/\\\/www.linkedin.com\\\/company\\\/content-and-friends\\\/\"]}]}<\/script>\n<!-- \/ Yoast SEO plugin. -->","yoast_head_json":{"title":"Cont\u00e1ctanos - Content &amp; Friends","robots":{"index":"index","follow":"follow","max-snippet":"max-snippet:-1","max-image-preview":"max-image-preview:large","max-video-preview":"max-video-preview:-1"},"canonical":"https:\/\/contentandfriends.com\/en\/contactanos\/","og_locale":"en_US","og_type":"article","og_title":"Cont\u00e1ctanos - Content &amp; Friends","og_description":"cont\u00e1ctanos ahora Cu\u00e9ntanos en qu\u00e9 te podemos ayudar","og_url":"https:\/\/contentandfriends.com\/en\/contactanos\/","og_site_name":"Content &amp; Friends","article_modified_time":"2025-08-22T20:57:02+00:00","og_image":[{"width":113,"height":113,"url":"https:\/\/contentandfriends.com\/wp-content\/uploads\/favicon_content_fiends.webp","type":"image\/webp"}],"twitter_card":"summary_large_image","schema":{"@context":"https:\/\/schema.org","@graph":[{"@type":"WebPage","@id":"https:\/\/contentandfriends.com\/contactanos\/","url":"https:\/\/contentandfriends.com\/contactanos\/","name":"Cont\u00e1ctanos - Content &amp; Friends","isPartOf":{"@id":"https:\/\/contentandfriends.com\/#website"},"datePublished":"2025-04-29T23:19:11+00:00","dateModified":"2025-08-22T20:57:02+00:00","breadcrumb":{"@id":"https:\/\/contentandfriends.com\/contactanos\/#breadcrumb"},"inLanguage":"en-US","potentialAction":[{"@type":"ReadAction","target":["https:\/\/contentandfriends.com\/contactanos\/"]}]},{"@type":"BreadcrumbList","@id":"https:\/\/contentandfriends.com\/contactanos\/#breadcrumb","itemListElement":[{"@type":"ListItem","position":1,"name":"Portada","item":"https:\/\/contentandfriends.com\/"},{"@type":"ListItem","position":2,"name":"Cont\u00e1ctanos"}]},{"@type":"WebSite","@id":"https:\/\/contentandfriends.com\/#website","url":"https:\/\/contentandfriends.com\/","name":"Content & Friends","description":"We help you position your brand, strengthen awareness,\u00a0","publisher":{"@id":"https:\/\/contentandfriends.com\/#organization"},"potentialAction":[{"@type":"SearchAction","target":{"@type":"EntryPoint","urlTemplate":"https:\/\/contentandfriends.com\/?s={search_term_string}"},"query-input":{"@type":"PropertyValueSpecification","valueRequired":true,"valueName":"search_term_string"}}],"inLanguage":"en-US"},{"@type":"Organization","@id":"https:\/\/contentandfriends.com\/#organization","name":"Content & Friends","url":"https:\/\/contentandfriends.com\/","logo":{"@type":"ImageObject","inLanguage":"en-US","@id":"https:\/\/contentandfriends.com\/#\/schema\/logo\/image\/","url":"https:\/\/contentandfriends.com\/wp-content\/uploads\/logo_content_fiends.webp","contentUrl":"https:\/\/contentandfriends.com\/wp-content\/uploads\/logo_content_fiends.webp","width":647,"height":66,"caption":"Content & Friends"},"image":{"@id":"https:\/\/contentandfriends.com\/#\/schema\/logo\/image\/"},"sameAs":["https:\/\/www.instagram.com\/content.friends\/","https:\/\/www.linkedin.com\/company\/content-and-friends\/"]}]}},"_links":{"self":[{"href":"https:\/\/contentandfriends.com\/en\/wp-json\/wp\/v2\/pages\/50","targetHints":{"allow":["GET"]}}],"collection":[{"href":"https:\/\/contentandfriends.com\/en\/wp-json\/wp\/v2\/pages"}],"about":[{"href":"https:\/\/contentandfriends.com\/en\/wp-json\/wp\/v2\/types\/page"}],"author":[{"embeddable":true,"href":"https:\/\/contentandfriends.com\/en\/wp-json\/wp\/v2\/users\/3"}],"replies":[{"embeddable":true,"href":"https:\/\/contentandfriends.com\/en\/wp-json\/wp\/v2\/comments?post=50"}],"version-history":[{"count":0,"href":"https:\/\/contentandfriends.com\/en\/wp-json\/wp\/v2\/pages\/50\/revisions"}],"wp:attachment":[{"href":"https:\/\/contentandfriends.com\/en\/wp-json\/wp\/v2\/media?parent=50"}],"curies":[{"name":"wp","href":"https:\/\/api.w.org\/{rel}","templated":true}]}}